{"id":1520,"date":"2023-02-06T10:26:43","date_gmt":"2023-02-06T09:26:43","guid":{"rendered":"https:\/\/skmedia.stronazen.pl\/wydaw\/?page_id=1520"},"modified":"2023-02-06T10:33:06","modified_gmt":"2023-02-06T09:33:06","slug":"polityka-prywatnosci","status":"publish","type":"page","link":"https:\/\/o-press.eu\/index.php\/polityka-prywatnosci\/","title":{"rendered":"Polityka Prywatno\u015bci"},"content":{"rendered":"\t\t<div data-elementor-type=\"wp-page\" data-elementor-id=\"1520\" class=\"elementor elementor-1520\">\n\t\t\t\t\t\t\t\t\t<section class=\"elementor-section elementor-top-section elementor-element elementor-element-1473404 elementor-section-boxed elementor-section-height-default elementor-section-height-default\" data-id=\"1473404\" data-element_type=\"section\">\n\t\t\t\t\t\t<div class=\"elementor-container elementor-column-gap-default\">\n\t\t\t\t\t<div class=\"elementor-column elementor-col-100 elementor-top-column elementor-element elementor-element-4e0a105\" data-id=\"4e0a105\" data-element_type=\"column\">\n\t\t\t<div class=\"elementor-widget-wrap elementor-element-populated\">\n\t\t\t\t\t\t\t\t<div class=\"elementor-element elementor-element-f0ce92f elementor-widget elementor-widget-heading\" data-id=\"f0ce92f\" data-element_type=\"widget\" data-widget_type=\"heading.default\">\n\t\t\t\t<div class=\"elementor-widget-container\">\n\t\t\t<style>\/*! elementor - v3.12.2 - 23-04-2023 *\/\n.elementor-heading-title{padding:0;margin:0;line-height:1}.elementor-widget-heading .elementor-heading-title[class*=elementor-size-]>a{color:inherit;font-size:inherit;line-height:inherit}.elementor-widget-heading .elementor-heading-title.elementor-size-small{font-size:15px}.elementor-widget-heading .elementor-heading-title.elementor-size-medium{font-size:19px}.elementor-widget-heading .elementor-heading-title.elementor-size-large{font-size:29px}.elementor-widget-heading .elementor-heading-title.elementor-size-xl{font-size:39px}.elementor-widget-heading .elementor-heading-title.elementor-size-xxl{font-size:59px}<\/style><h2 class=\"elementor-heading-title elementor-size-default\">Polityka Prywatno\u015bci<\/h2>\t\t<\/div>\n\t\t\t\t<\/div>\n\t\t\t\t\t<\/div>\n\t\t<\/div>\n\t\t\t\t\t\t\t<\/div>\n\t\t<\/section>\n\t\t\t\t<section class=\"elementor-section elementor-top-section elementor-element elementor-element-2dc3c9d elementor-section-boxed elementor-section-height-default elementor-section-height-default\" data-id=\"2dc3c9d\" data-element_type=\"section\">\n\t\t\t\t\t\t<div class=\"elementor-container elementor-column-gap-default\">\n\t\t\t\t\t<div class=\"elementor-column elementor-col-100 elementor-top-column elementor-element elementor-element-14f1faa\" data-id=\"14f1faa\" data-element_type=\"column\">\n\t\t\t<div class=\"elementor-widget-wrap elementor-element-populated\">\n\t\t\t\t\t\t\t\t<div class=\"elementor-element elementor-element-a577ab9 elementor-widget elementor-widget-text-editor\" data-id=\"a577ab9\" data-element_type=\"widget\" data-widget_type=\"text-editor.default\">\n\t\t\t\t<div class=\"elementor-widget-container\">\n\t\t\t<style>\/*! elementor - v3.12.2 - 23-04-2023 *\/\n.elementor-widget-text-editor.elementor-drop-cap-view-stacked .elementor-drop-cap{background-color:#69727d;color:#fff}.elementor-widget-text-editor.elementor-drop-cap-view-framed .elementor-drop-cap{color:#69727d;border:3px solid;background-color:transparent}.elementor-widget-text-editor:not(.elementor-drop-cap-view-default) .elementor-drop-cap{margin-top:8px}.elementor-widget-text-editor:not(.elementor-drop-cap-view-default) .elementor-drop-cap-letter{width:1em;height:1em}.elementor-widget-text-editor .elementor-drop-cap{float:left;text-align:center;line-height:1;font-size:50px}.elementor-widget-text-editor .elementor-drop-cap-letter{display:inline-block}<\/style>\t\t\t\t<p style=\"text-align: center;\"><span style=\"font-size: 1rem;\">Poni\u017csza Polityka Prywatno\u015bci okre\u015bla zasady zapisywania i uzyskiwania dost\u0119pu do danych na Urz\u0105dzeniach U\u017cytkownik\u00f3w korzystaj\u0105cych z Serwisu do cel\u00f3w \u015bwiadczenia us\u0142ug drog\u0105 elektroniczn\u0105 przez Administratora Serwisu.<\/span><\/p>\n<h4 style=\"text-align: center;\">\u00a7 1 Definicje<\/h4>\n<ul>\n<li><strong>Serwis<\/strong> &#8211; serwis internetowy dzia\u0142aj\u0105cy pod adresem <span id=\"serwis\"><span class=\"colored\">www.o-press.eu<\/span><\/span><\/li>\n<li><strong>Serwis zewn\u0119trzny<\/strong> &#8211; serwis internetowe partner\u00f3w, us\u0142ugodawc\u00f3w lub us\u0142ugobiorc\u00f3w Administratora<\/li>\n<li><strong>Administrator<\/strong> &#8211; firma <span id=\"firma\"><span class=\"colored\">O-Press Sp. z o.o.<\/span>, prowadz\u0105ca dzia\u0142alno\u015b\u0107 pod adresem: <span class=\"colored\">ul. Kolberga 11<\/span>, o nadanym numerze identyfikacji podatkowej (NIP): <span class=\"colored\">9591450690<\/span><\/span>, \u015bwiadcz\u0105ca us\u0142ugi drog\u0105 elektroniczn\u0105 za po\u015brednictwem Serwisu oraz przechowuj\u0105ca i uzyskuj\u0105ca dost\u0119p do informacji w urz\u0105dzeniach U\u017cytkownika<\/li>\n<li><strong>U\u017cytkownik<\/strong> &#8211; osba fizyczna, dla kt\u00f3rej Administrator \u015bwiadczy us\u0142ugi drog\u0105 elektroniczna za po\u015brednictwem Serwisu.<\/li>\n<li><strong>Urz\u0105dzenie<\/strong> &#8211; elektroniczne urz\u0105dzenie wraz z oprogramowaniem, za po\u015brednictwem, kt\u00f3rego U\u017cytkownik uzyskuje dost\u0119p do Serwisu<\/li>\n<li><strong>Cookies (ciasteczka)<\/strong> &#8211; dane tekstowe gromadzone w formie plik\u00f3w zamieszczanych na Urz\u0105dzeniu U\u017cytkownika<\/li>\n<\/ul>\n<h4 style=\"text-align: center;\">\u00a7 2 Rodzaje Cookies<\/h4>\n<ul>\n<li><strong>Cookies wewn\u0119trzne<\/strong> &#8211; pliki zamieszczane i odczytywane z Urz\u0105dzenia U\u017cytkownika przes system teleinformatyczny Serwisu<\/li>\n<li><strong>Cookies zewn\u0119trzne<\/strong> &#8211; pliki zamieszczane i odczytywane z Urz\u0105dzenia U\u017cytkownika przez systemy teleinformatyczne Serwis\u00f3w zewn\u0119trznych<\/li>\n<li><strong>Cookies sesyjne<\/strong> &#8211; pliki zamieszczane i odczytywane z Urz\u0105dzenia U\u017cytkownika przez Serwis <span id=\"sz1\" style=\"display: none;\">lub Serwisy zewn\u0119trzne<\/span> podczas jednej sesji danego Urz\u0105dzenia. Po zako\u0144czeniu sesji pliki s\u0105 usuwane z Urz\u0105dzenia U\u017cytkownika.<\/li>\n<li><strong>Cookies trwa\u0142e<\/strong> &#8211; pliki zamieszczane i odczytywane z Urz\u0105dzenia U\u017cytkownika przez Serwis <span id=\"sz2\" style=\"display: none;\">lub Serwisy zewn\u0119trzne<\/span> do momentu ich r\u0119cznego usuni\u0119cia. Pliki nie s\u0105 usuwane automatycznie po zako\u0144czeniu sesji Urz\u0105dzenia chyba \u017ce konfiguracja Urz\u0105dzenia U\u017cytkownika jest ustawiona na tryb usuwanie plik\u00f3w Cookie po zako\u0144czeniu sesji Urz\u0105dzenia.<\/li>\n<\/ul>\n<h4 style=\"text-align: center;\">\u00a7 3 Bezpiecze\u0144stwo<\/h4>\n<ul>\n<li><strong>Mechanizmy sk\u0142adowania i odczytu<\/strong> &#8211; Mechanizmy sk\u0142adowania i odczytu Cookies nie pozwalaj\u0105 na pobierania jakichkolwiek danych osobowych ani \u017cadnych informacji poufnych z Urz\u0105dzenia U\u017cytkownika. Przeniesienie na Urz\u0105dzenie U\u017cytkownika wirus\u00f3w, koni troja\u0144skich oraz innych robak\u00f3w jest praktynie niemo\u017cliwe.<\/li>\n<li><strong>Cookie wewn\u0119trzne<\/strong> &#8211; zastosowane przez Administratora Cookie wewn\u0119trzne s\u0105 bezpieczne dla Urz\u0105dze\u0144 U\u017cytkownik\u00f3w<\/li>\n<li><strong>Cookie zewn\u0119trzne<\/strong> &#8211; za bezpiecze\u0144stwo plik\u00f3w Cookie pochodz\u0105cych od partner\u00f3w Serwisu Administrator nie ponosi odpowiedzialno\u015bci. Lista partner\u00f3w zamieszczona jest w dalszej cz\u0119\u015bci Polityki Cookie.<\/li>\n<\/ul>\n<h4 style=\"text-align: center;\">\u00a7 4 Cele do kt\u00f3rych wykorzystywane s\u0105 pliki Cookie<\/h4>\n<ul id=\"cele\">\n<li><strong><span class=\"colored\">Usprawnienie i u\u0142atwienie dost\u0119pu do Serwisu<\/span><\/strong> &#8211; Administrator mo\u017ce przechowywa\u0107 w plikach Cookie informacje o prefernecjach i ustawieniach u\u017cytkownika dotycz\u0105cych Serwisu aby usprawni\u0107, polepszy\u0107 i przy\u015bpieszy\u0107 \u015bwiadczenie us\u0142ug w ramach Serwisu.<\/li>\n<\/ul>\n<h4 style=\"text-align: center;\">\u00a7 5 Serwisy zewn\u0119trzne<\/h4>\n<p id=\"zewinfo\"><span class=\"colored\">Administrator nie wsp\u00f3\u0142pracuje z serwisami zewn\u0119trznymi i Serwis nie umieszcza ani nie korzysta z \u017cadnych plik\u00f3w zewn\u0119trznych plik\u00f3w Cookie.<\/span><\/p>\n<ul id=\"zewnetrzne\"><\/ul>\n<h4 style=\"text-align: center;\">\u00a7 6 Mo\u017cliwo\u015bci okre\u015blania warunk\u00f3w przechowywania i uzyskiwania dost\u0119pu na Urz\u0105dzeniach U\u017cytkownika przez Serwis<span id=\"sz6\" style=\"display: none;\"> i Serwisy zewn\u0119trzne<\/span><\/h4>\n<ul>\n<li>U\u017cytkownik mo\u017ce w dowolnym momencie, samodzielnie zmieni\u0107 ustawienia dotycz\u0105ce zapisywania, usuwania oraz dost\u0119pu do danych zapisanych plik\u00f3w Cookies<\/li>\n<li>Informacje o sposobie wy\u0142\u0105czenia plik\u00f3w Cookie w najpopularniejszych przegl\u0105darkach komputerowych i urz\u0105dze\u0144 mobilnych dost\u0119pna s\u0105 na stronie: <a href=\"http:\/\/jakwylaczyccookie.pl\">jak wy\u0142\u0105czy\u0107 cookie<\/a>.<\/li>\n<li>U\u017cytkownik mo\u017ce w dowolnym momencie usun\u0105\u0107 wszelkie zapisane do tej pory pliki Cookie korzystaj\u0105c z narz\u0119dzi Urz\u0105dzenia U\u017cytkownika za po\u015brednictwem kt\u00f3rego U\u017cytkowanik korzysta z us\u0142ug Serwisu.<\/li>\n<\/ul>\n<h4 style=\"text-align: center;\">\u00a7 7 Wy\u0142\u0105czenie odpowiedzialno\u015bci<\/h4>\n<ul>\n<li>Administrator stosuje wszelkie mo\u017cliwe \u015brodki w celu zapewnienia bezpiecze\u0144stwa danych umieszczanych w plikach Cookie. Nale\u017cy jednak zwr\u00f3ci\u0107 uwag\u0119, \u017ce zapewnienie bezpiecze\u0144stwa tych danych zale\u017cy od obu stron, w tym dzia\u0142alno\u015bci U\u017cytkownika oraz satnu zabezpiecze\u0144 urz\u0105dzenia z kt\u00f3rego korzysta.<\/li>\n<li>Administrator nie bierze odpowiedzialno\u015bci za przechwycenie danych zawartych w plikach Cookie, podszycie si\u0119 pod sesj\u0119 U\u017cytkownika lub ich usuni\u0119cie, na skutek \u015bwiadomej lub nie\u015bwiadomej dzia\u0142alno\u015b\u0107 U\u017cytkownika, wirus\u00f3w, koni troja\u0144skich i innego oprogramowania szpieguj\u0105cego, kt\u00f3rymi mo\u017ce by\u0107 zainfekowane Urz\u0105dzenie U\u017cytkownika.<\/li>\n<li>U\u017cytkownicy w celu zabezpieczenia si\u0119 przed wskazanymi w punkcie poprzednim zagro\u017ceniami powinni stosowa\u0107 si\u0119 do <span id=\"cyber_random\">zasad <a href=\"https:\/\/nety.pl\/cyberbezpieczenstwo\/zasady-ogolne-korzystania-z-sieci-internet\/\">bezpiecznego korzystania z sieci<\/a><\/span>.<\/li>\n<li>Us\u0142ugi \u015bwiadczone przez podmioty trzecie s\u0105 poza kontrol\u0105 Administratora. Podmioty te mog\u0105 w ka\u017cdej chwili zmieni\u0107 swoje warunki \u015bwiadczenia us\u0142ug, cel oraz wykorzystanie plik\u00f3w cookie. Administrator nie odpowiada na tyle na ile pozwala na to prawo za dzia\u0142anie plik\u00f3w cookies u\u017cywanych przez serwisy partnerskie. U\u017cytkownicy w ka\u017cdej chwili mog\u0105 samodzielnie zarz\u0105dza\u0107 zezwoleniami i ustawieniami plik\u00f3w cookie dla ka\u017cedej dowolnej witryny.<\/li>\n<\/ul>\n<h4 style=\"text-align: center;\">\u00a7 8 Wymagania Serwisu<\/h4>\n<ul>\n<li>Ograniczenie zapisu i dost\u0119pu do plik\u00f3w Cookie na Urz\u0105dzeniu U\u017cytkownika mo\u017ce spowodowa\u0107 nieprawid\u0142owe dzia\u0142anie niekt\u00f3rych funkcji Serwisu.<\/li>\n<li>Administrator nie ponosi \u017cadnej odpowiedzialno\u015bci za nieprawid\u0142owo dzia\u0142aj\u0105ce funkcje Serwisu w przypadku gdy U\u017cytkownik ograniczy w jakikolwiek spos\u00f3b mo\u017cliwo\u015b\u0107 zapisywania i odczytu plik\u00f3w Cookie.<\/li>\n<\/ul>\n<h4 style=\"text-align: center;\">\u00a7 9 Zmiany w Polityce Cookie<\/h4>\n<ul>\n<li>Administrator zastrzega sobie prawo do dowolnej zmiany niniejszej Polityki Cookie bez konieczno\u015bci informowania o tym u\u017cytkownik\u00f3w.<\/li>\n<li>Wprowadzone zmiany w Polityce Cookie zawsze b\u0119d\u0105 publikowane na tej stronie.<\/li>\n<li>Wprowadzone zmiany wchodz\u0105 w \u017cycie w dniu publikacji Polityki Cookie.<\/li>\n<\/ul>\t\t\t\t\t\t<\/div>\n\t\t\t\t<\/div>\n\t\t\t\t\t<\/div>\n\t\t<\/div>\n\t\t\t\t\t\t\t<\/div>\n\t\t<\/section>\n\t\t\t\t\t\t\t<\/div>\n\t\t","protected":false},"excerpt":{"rendered":"<p>Polityka Prywatno\u015bci Poni\u017csza Polityka Prywatno\u015bci okre\u015bla zasady zapisywania i uzyskiwania dost\u0119pu do danych na Urz\u0105dzeniach U\u017cytkownik\u00f3w korzystaj\u0105cych z Serwisu do cel\u00f3w \u015bwiadczenia us\u0142ug drog\u0105 elektroniczn\u0105 przez Administratora Serwisu. \u00a7 1 Definicje Serwis &#8211; serwis internetowy dzia\u0142aj\u0105cy pod adresem www.o-press.eu Serwis zewn\u0119trzny &#8211; serwis internetowe partner\u00f3w, us\u0142ugodawc\u00f3w lub us\u0142ugobiorc\u00f3w Administratora Administrator &#8211; firma O-Press Sp. z [&hellip;]<\/p>\n","protected":false},"author":1,"featured_media":0,"parent":0,"menu_order":0,"comment_status":"closed","ping_status":"closed","template":"elementor_header_footer","meta":{"footnotes":""},"class_list":["post-1520","page","type-page","status-publish","hentry"],"acf":[],"yoast_head":"<!-- This site is optimized with the Yoast SEO plugin v20.6 - https:\/\/yoast.com\/wordpress\/plugins\/seo\/ -->\n<title>Polityka Prywatno\u015bci - Wydawnictwo O-press<\/title>\n<meta name=\"robots\" content=\"index, follow, max-snippet:-1, max-image-preview:large, max-video-preview:-1\" \/>\n<link rel=\"canonical\" href=\"https:\/\/o-press.eu\/index.php\/polityka-prywatnosci\/\" \/>\n<meta property=\"og:locale\" content=\"pl_PL\" \/>\n<meta property=\"og:type\" content=\"article\" \/>\n<meta property=\"og:title\" content=\"Polityka Prywatno\u015bci - Wydawnictwo O-press\" \/>\n<meta property=\"og:description\" content=\"Polityka Prywatno\u015bci Poni\u017csza Polityka Prywatno\u015bci okre\u015bla zasady zapisywania i uzyskiwania dost\u0119pu do danych na Urz\u0105dzeniach U\u017cytkownik\u00f3w korzystaj\u0105cych z Serwisu do cel\u00f3w \u015bwiadczenia us\u0142ug drog\u0105 elektroniczn\u0105 przez Administratora Serwisu. \u00a7 1 Definicje Serwis &#8211; serwis internetowy dzia\u0142aj\u0105cy pod adresem www.o-press.eu Serwis zewn\u0119trzny &#8211; serwis internetowe partner\u00f3w, us\u0142ugodawc\u00f3w lub us\u0142ugobiorc\u00f3w Administratora Administrator &#8211; firma O-Press Sp. z [&hellip;]\" \/>\n<meta property=\"og:url\" content=\"https:\/\/o-press.eu\/index.php\/polityka-prywatnosci\/\" \/>\n<meta property=\"og:site_name\" content=\"Wydawnictwo O-press\" \/>\n<meta property=\"article:modified_time\" content=\"2023-02-06T09:33:06+00:00\" \/>\n<meta name=\"twitter:card\" content=\"summary_large_image\" \/>\n<meta name=\"twitter:label1\" content=\"Szacowany czas czytania\" \/>\n\t<meta name=\"twitter:data1\" content=\"5 minut\" \/>\n<script type=\"application\/ld+json\" class=\"yoast-schema-graph\">{\"@context\":\"https:\/\/schema.org\",\"@graph\":[{\"@type\":\"WebPage\",\"@id\":\"https:\/\/o-press.eu\/index.php\/polityka-prywatnosci\/\",\"url\":\"https:\/\/o-press.eu\/index.php\/polityka-prywatnosci\/\",\"name\":\"Polityka Prywatno\u015bci - Wydawnictwo O-press\",\"isPartOf\":{\"@id\":\"https:\/\/o-press.eu\/#website\"},\"datePublished\":\"2023-02-06T09:26:43+00:00\",\"dateModified\":\"2023-02-06T09:33:06+00:00\",\"breadcrumb\":{\"@id\":\"https:\/\/o-press.eu\/index.php\/polityka-prywatnosci\/#breadcrumb\"},\"inLanguage\":\"pl-PL\",\"potentialAction\":[{\"@type\":\"ReadAction\",\"target\":[\"https:\/\/o-press.eu\/index.php\/polityka-prywatnosci\/\"]}]},{\"@type\":\"BreadcrumbList\",\"@id\":\"https:\/\/o-press.eu\/index.php\/polityka-prywatnosci\/#breadcrumb\",\"itemListElement\":[{\"@type\":\"ListItem\",\"position\":1,\"name\":\"Strona g\u0142\u00f3wna\",\"item\":\"https:\/\/o-press.eu\/\"},{\"@type\":\"ListItem\",\"position\":2,\"name\":\"Polityka Prywatno\u015bci\"}]},{\"@type\":\"WebSite\",\"@id\":\"https:\/\/o-press.eu\/#website\",\"url\":\"https:\/\/o-press.eu\/\",\"name\":\"Wydawnictwo O-press\",\"description\":\"Prezentacja publikacji wydawnictwa.\",\"publisher\":{\"@id\":\"https:\/\/o-press.eu\/#organization\"},\"potentialAction\":[{\"@type\":\"SearchAction\",\"target\":{\"@type\":\"EntryPoint\",\"urlTemplate\":\"https:\/\/o-press.eu\/?s={search_term_string}\"},\"query-input\":\"required name=search_term_string\"}],\"inLanguage\":\"pl-PL\"},{\"@type\":\"Organization\",\"@id\":\"https:\/\/o-press.eu\/#organization\",\"name\":\"Wydawnictwo O-press\",\"url\":\"https:\/\/o-press.eu\/\",\"logo\":{\"@type\":\"ImageObject\",\"inLanguage\":\"pl-PL\",\"@id\":\"https:\/\/o-press.eu\/#\/schema\/logo\/image\/\",\"url\":\"https:\/\/o-press.eu\/wp-content\/uploads\/2023\/01\/LOGO2.png\",\"contentUrl\":\"https:\/\/o-press.eu\/wp-content\/uploads\/2023\/01\/LOGO2.png\",\"width\":194,\"height\":50,\"caption\":\"Wydawnictwo O-press\"},\"image\":{\"@id\":\"https:\/\/o-press.eu\/#\/schema\/logo\/image\/\"}}]}<\/script>\n<!-- \/ Yoast SEO plugin. -->","yoast_head_json":{"title":"Polityka Prywatno\u015bci - Wydawnictwo O-press","robots":{"index":"index","follow":"follow","max-snippet":"max-snippet:-1","max-image-preview":"max-image-preview:large","max-video-preview":"max-video-preview:-1"},"canonical":"https:\/\/o-press.eu\/index.php\/polityka-prywatnosci\/","og_locale":"pl_PL","og_type":"article","og_title":"Polityka Prywatno\u015bci - Wydawnictwo O-press","og_description":"Polityka Prywatno\u015bci Poni\u017csza Polityka Prywatno\u015bci okre\u015bla zasady zapisywania i uzyskiwania dost\u0119pu do danych na Urz\u0105dzeniach U\u017cytkownik\u00f3w korzystaj\u0105cych z Serwisu do cel\u00f3w \u015bwiadczenia us\u0142ug drog\u0105 elektroniczn\u0105 przez Administratora Serwisu. \u00a7 1 Definicje Serwis &#8211; serwis internetowy dzia\u0142aj\u0105cy pod adresem www.o-press.eu Serwis zewn\u0119trzny &#8211; serwis internetowe partner\u00f3w, us\u0142ugodawc\u00f3w lub us\u0142ugobiorc\u00f3w Administratora Administrator &#8211; firma O-Press Sp. z [&hellip;]","og_url":"https:\/\/o-press.eu\/index.php\/polityka-prywatnosci\/","og_site_name":"Wydawnictwo O-press","article_modified_time":"2023-02-06T09:33:06+00:00","twitter_card":"summary_large_image","twitter_misc":{"Szacowany czas czytania":"5 minut"},"schema":{"@context":"https:\/\/schema.org","@graph":[{"@type":"WebPage","@id":"https:\/\/o-press.eu\/index.php\/polityka-prywatnosci\/","url":"https:\/\/o-press.eu\/index.php\/polityka-prywatnosci\/","name":"Polityka Prywatno\u015bci - Wydawnictwo O-press","isPartOf":{"@id":"https:\/\/o-press.eu\/#website"},"datePublished":"2023-02-06T09:26:43+00:00","dateModified":"2023-02-06T09:33:06+00:00","breadcrumb":{"@id":"https:\/\/o-press.eu\/index.php\/polityka-prywatnosci\/#breadcrumb"},"inLanguage":"pl-PL","potentialAction":[{"@type":"ReadAction","target":["https:\/\/o-press.eu\/index.php\/polityka-prywatnosci\/"]}]},{"@type":"BreadcrumbList","@id":"https:\/\/o-press.eu\/index.php\/polityka-prywatnosci\/#breadcrumb","itemListElement":[{"@type":"ListItem","position":1,"name":"Strona g\u0142\u00f3wna","item":"https:\/\/o-press.eu\/"},{"@type":"ListItem","position":2,"name":"Polityka Prywatno\u015bci"}]},{"@type":"WebSite","@id":"https:\/\/o-press.eu\/#website","url":"https:\/\/o-press.eu\/","name":"Wydawnictwo O-press","description":"Prezentacja publikacji wydawnictwa.","publisher":{"@id":"https:\/\/o-press.eu\/#organization"},"potentialAction":[{"@type":"SearchAction","target":{"@type":"EntryPoint","urlTemplate":"https:\/\/o-press.eu\/?s={search_term_string}"},"query-input":"required name=search_term_string"}],"inLanguage":"pl-PL"},{"@type":"Organization","@id":"https:\/\/o-press.eu\/#organization","name":"Wydawnictwo O-press","url":"https:\/\/o-press.eu\/","logo":{"@type":"ImageObject","inLanguage":"pl-PL","@id":"https:\/\/o-press.eu\/#\/schema\/logo\/image\/","url":"https:\/\/o-press.eu\/wp-content\/uploads\/2023\/01\/LOGO2.png","contentUrl":"https:\/\/o-press.eu\/wp-content\/uploads\/2023\/01\/LOGO2.png","width":194,"height":50,"caption":"Wydawnictwo O-press"},"image":{"@id":"https:\/\/o-press.eu\/#\/schema\/logo\/image\/"}}]}},"_links":{"self":[{"href":"https:\/\/o-press.eu\/index.php\/wp-json\/wp\/v2\/pages\/1520","targetHints":{"allow":["GET"]}}],"collection":[{"href":"https:\/\/o-press.eu\/index.php\/wp-json\/wp\/v2\/pages"}],"about":[{"href":"https:\/\/o-press.eu\/index.php\/wp-json\/wp\/v2\/types\/page"}],"author":[{"embeddable":true,"href":"https:\/\/o-press.eu\/index.php\/wp-json\/wp\/v2\/users\/1"}],"replies":[{"embeddable":true,"href":"https:\/\/o-press.eu\/index.php\/wp-json\/wp\/v2\/comments?post=1520"}],"version-history":[{"count":8,"href":"https:\/\/o-press.eu\/index.php\/wp-json\/wp\/v2\/pages\/1520\/revisions"}],"predecessor-version":[{"id":1530,"href":"https:\/\/o-press.eu\/index.php\/wp-json\/wp\/v2\/pages\/1520\/revisions\/1530"}],"wp:attachment":[{"href":"https:\/\/o-press.eu\/index.php\/wp-json\/wp\/v2\/media?parent=1520"}],"curies":[{"name":"wp","href":"https:\/\/api.w.org\/{rel}","templated":true}]}}